{"id":510,"date":"2020-01-22T19:46:39","date_gmt":"2020-01-22T18:46:39","guid":{"rendered":"https:\/\/wagner-gestionprivee.fr\/?page_id=510"},"modified":"2020-03-13T17:20:29","modified_gmt":"2020-03-13T16:20:29","slug":"notre-approche","status":"publish","type":"page","link":"https:\/\/wagner-gestionprivee.fr\/?page_id=510","title":{"rendered":"Notre approche"},"content":{"rendered":"\n<div class=\"wp-block-hervin-gutenberg-container\" style=\"background-color:transparent;text-align:left\">\n<div class=\"wp-block-hervin-gutenberg-container row_padding_top\" style=\"background-color:transparent;text-align:left\">\n<h4 class=\"wp-block-heading\">Notre volont\u00e9 <strong>consist<\/strong>e \u00e0 composer avec vous la partition patrimoniale la plus adapt\u00e9e \u00e0 vos<strong> objectifs <\/strong>et \u00e0 votre<strong> situation<\/strong>, en tenant compte des<strong> facteurs juridiques, fiscaux et \u00e9conomiques <\/strong>en vigueur. <br>Apr\u00e8s analyse, nous r\u00e9digeons des <strong>pr\u00e9conisations sur mesure<\/strong> et mettons en place un<strong> calendrier de mise en \u0153uvre<\/strong>. <br><br>Puisque vos projets, votre situation, la l\u00e9gislation et la conjoncture \u00e9voluent dans le temps, il est indispensable d\u2019instaurer un suivi afin d\u2019actualiser constamment nos pr\u00e9conisations. <\/h4>\n<\/div>\n\n\n\n<div style=\"height:100px\" aria-hidden=\"true\" class=\"wp-block-spacer\"><\/div>\n\n\n\n<p><\/p>\n<\/div>\n\n\n\n<div class=\"wp-block-group\"><div class=\"wp-block-group__inner-container is-layout-flow wp-block-group-is-layout-flow\">\n<div class=\"wp-block-hervin-gutenberg-container row_padding_bottom\" style=\"background-color:transparent;text-align:left\">\n<div class=\"wp-block-columns are-vertically-aligned-center is-layout-flex wp-container-core-columns-is-layout-9d6595d7 wp-block-columns-is-layout-flex\">\n<div class=\"wp-block-column is-vertically-aligned-center is-layout-flow wp-block-column-is-layout-flow\" style=\"flex-basis:40%\">\n<h2 class=\"relative has-text-shadow wp-block-heading\"><span class=\"counter-item\">1<\/span>D\u00e9finition de vos objectifs <\/h2>\n\n\n\n<p><\/p>\n<\/div>\n\n\n\n<div class=\"wp-block-column is-vertically-aligned-center is-layout-flow wp-block-column-is-layout-flow\" style=\"flex-basis:60%\">\n<p class=\"has-normal-font-size\">Cette \u00e9tape est essentielle puisqu\u2019elle constitue la cl\u00e9 de vo\u00fbte de notre collaboration. Elle consiste \u00e0 d\u00e9finir <strong>ensemble<\/strong> vos objectifs patrimoniaux puis \u00e0 les hi\u00e9rarchiser.  <br>En effet, vos objectifs peuvent \u00eatre compl\u00e9mentaires mais, parfois, ils demeurent incompatibles. Par cons\u00e9quent, il est indispensable de les prioriser. Notre <strong>accompagnement<\/strong> d\u00e9bute ainsi.<\/p>\n<\/div>\n<\/div>\n\n\n\n<div style=\"height:60px\" aria-hidden=\"true\" class=\"wp-block-spacer\"><\/div>\n\n\n\n<div class=\"wp-block-columns are-vertically-aligned-center is-layout-flex wp-container-core-columns-is-layout-9d6595d7 wp-block-columns-is-layout-flex\">\n<div class=\"wp-block-column is-vertically-aligned-center is-layout-flow wp-block-column-is-layout-flow\" style=\"flex-basis:40%\">\n<h2 class=\"relative has-text-shadow wp-block-heading\"><span class=\"counter-item\">2<\/span>Synth\u00e8se de votre situation patrimoniale<\/h2>\n\n\n\n<p><\/p>\n<\/div>\n\n\n\n<div class=\"wp-block-column is-vertically-aligned-center is-layout-flow wp-block-column-is-layout-flow\" style=\"flex-basis:60%\">\n<p class=\"has-normal-font-size\">Cette \u00e9tape consiste \u00e0 r\u00e9aliser une <strong>analyse d\u00e9taill\u00e9e <\/strong>de <strong>votre patrimoine<\/strong> (priv\u00e9 et professionnel) sous les angles juridiques, \u00e9conomiques et fiscaux.<\/p>\n<\/div>\n<\/div>\n\n\n\n<div style=\"height:60px\" aria-hidden=\"true\" class=\"wp-block-spacer\"><\/div>\n\n\n\n<div class=\"wp-block-columns are-vertically-aligned-center is-layout-flex wp-container-core-columns-is-layout-9d6595d7 wp-block-columns-is-layout-flex\">\n<div class=\"wp-block-column is-vertically-aligned-center is-layout-flow wp-block-column-is-layout-flow\" style=\"flex-basis:40%\">\n<h2 class=\"relative has-text-shadow wp-block-heading\"><span class=\"counter-item\">3<\/span>Mise en place des pr\u00e9conisations<\/h2>\n\n\n\n<p><\/p>\n<\/div>\n\n\n\n<div class=\"wp-block-column is-vertically-aligned-center is-layout-flow wp-block-column-is-layout-flow\" style=\"flex-basis:60%\">\n<p class=\"has-normal-font-size\">Lorsque les pr\u00e9conisations portent sur des strat\u00e9gies dont la mise en \u0153uvre est g\u00e9r\u00e9e par des experts (experts-comptables, notaires, avocats\u2026), <strong>nous vous accompagnons dans vos d\u00e9marches<\/strong>, \u00e0 votre demande, aupr\u00e8s de vos conseils historiques.  <br><br>Si nos pr\u00e9conisations consistent en la mise en place d\u2019une solution qui d\u00e9pend de notre champ de comp\u00e9tences et que votre confiance se porte vers notre cabinet pour sa mise en \u0153uvre, nous proc\u00e9dons \u00e0 un <strong>appel d\u2019offre<\/strong> aupr\u00e8s des fournisseurs vous offrant la <strong>solution la plus pertinente<\/strong>.<\/p>\n<\/div>\n<\/div>\n\n\n\n<div style=\"height:60px\" aria-hidden=\"true\" class=\"wp-block-spacer\"><\/div>\n\n\n\n<div class=\"wp-block-columns are-vertically-aligned-center is-layout-flex wp-container-core-columns-is-layout-9d6595d7 wp-block-columns-is-layout-flex\">\n<div class=\"wp-block-column is-vertically-aligned-center is-layout-flow wp-block-column-is-layout-flow\" style=\"flex-basis:40%\">\n<h2 class=\"relative has-text-shadow wp-block-heading\"><span class=\"counter-item\">4<\/span>Suivi patrimonial<\/h2>\n\n\n\n<p><\/p>\n<\/div>\n\n\n\n<div class=\"wp-block-column is-vertically-aligned-center is-layout-flow wp-block-column-is-layout-flow\" style=\"flex-basis:60%\">\n<ul class=\"wp-block-list\"><li><strong>Mise \u00e0 jour<\/strong> de votre \u00e9tude patrimoniale et des pr\u00e9conisations,<\/li><li><strong>Suivi <\/strong>des solutions mises en place,<\/li><li>\u00c0 titre accessoire, <strong>accompagnement<\/strong> dans la r\u00e9alisation de vos formalit\u00e9s administratives.<\/li><\/ul>\n<\/div>\n<\/div>\n<\/div>\n<\/div><\/div>\n\n\n\n<div class=\"wp-block-hervin-gutenberg-container full has-animation has-parallax small-height\" style=\"background-color:transparent;text-align:left\">\n<figure class=\"wp-block-image size-large has-filter\"><img loading=\"lazy\" decoding=\"async\" width=\"1024\" height=\"683\" src=\"https:\/\/wagner-gestionprivee.fr\/wp-content\/uploads\/2020\/01\/music-sheet-1326999_1920-1024x683.jpg\" alt=\"\" class=\"wp-image-376\" title=\"\" srcset=\"https:\/\/wagner-gestionprivee.fr\/wp-content\/uploads\/2020\/01\/music-sheet-1326999_1920-1024x683.jpg 1024w, https:\/\/wagner-gestionprivee.fr\/wp-content\/uploads\/2020\/01\/music-sheet-1326999_1920-300x200.jpg 300w, https:\/\/wagner-gestionprivee.fr\/wp-content\/uploads\/2020\/01\/music-sheet-1326999_1920-768x512.jpg 768w, https:\/\/wagner-gestionprivee.fr\/wp-content\/uploads\/2020\/01\/music-sheet-1326999_1920-1536x1024.jpg 1536w, https:\/\/wagner-gestionprivee.fr\/wp-content\/uploads\/2020\/01\/music-sheet-1326999_1920.jpg 1920w\" sizes=\"auto, (max-width: 1024px) 100vw, 1024px\" \/><\/figure>\n<\/div>\n\n\n\n<div class=\"wp-block-hervin-gutenberg-container row_padding_top row_padding_bottom\" style=\"background-color:transparent;text-align:center\">\n<h2 class=\"has-highlight-mark wp-block-heading\"><strong>Le sur-mesure<\/strong><\/h2>\n\n\n\n<div style=\"height:20px\" aria-hidden=\"true\" class=\"wp-block-spacer\"><\/div>\n\n\n\n<p>L\u2019activit\u00e9 principale du cabinet est le <strong>conseil en strat\u00e9gies patrimoniales<\/strong>.<\/p>\n\n\n\n<p>Lorsque vous souhaitez nous confier la mise en place des pr\u00e9conisations d\u00e9pendant de notre champs d\u2019intervention, <br>notre cabinet a vocation \u00e0 r\u00e9pondre \u00e0 vos besoins en vous apportant des solutions sur mesure, selon le principe de \u00ab l\u2019architecture ouverte \u00bb. <br><br>En effet, nous s\u00e9lectionnons les partenaires avec <strong>libert\u00e9 et impartialit\u00e9<\/strong>, <br>l\u2019objectif \u00e9tant de vous offrir les meilleures solutions du march\u00e9, <br>en <strong>totale ad\u00e9quation<\/strong> avec votre situation patrimoniale et votre sensibilit\u00e9 aux risques.<\/p>\n\n\n\n<p><\/p>\n<\/div>\n\n\n\n<div class=\"wp-block-hervin-gutenberg-container row_padding_bottom\" style=\"background-color:transparent;text-align:center\">\n<h2 class=\"has-highlight-mark wp-block-heading\" id=\"partenaires\">Nos partenaires<\/h2>\n\n\n\n<div style=\"height:20px\" aria-hidden=\"true\" class=\"wp-block-spacer\"><\/div>\n\n\n\n<p><em>Liste non exhaustive et \u00e9volutive<\/em><\/p>\n\n\n\n<div style=\"height:20px\" aria-hidden=\"true\" class=\"wp-block-spacer\"><\/div>\n\n\n\n<ul class=\"wp-block-hervin-gutenberg-clients clients-table\">\n<li class=\"link\"><img decoding=\"async\" src=\"https:\/\/wagner-gestionprivee.fr\/wp-content\/uploads\/2020\/03\/123-AM.jpg\" alt=\"client image\" \/><\/li>\n\n\n\n<li class=\"link\"><img decoding=\"async\" src=\"https:\/\/wagner-gestionprivee.fr\/wp-content\/uploads\/2020\/03\/ADVENIS.jpg\" alt=\"client image\" \/><\/li>\n\n\n\n<li class=\"link\"><img decoding=\"async\" src=\"https:\/\/wagner-gestionprivee.fr\/wp-content\/uploads\/2020\/03\/AGEAS.jpg\" alt=\"client image\" \/><\/li>\n\n\n\n<li class=\"link\"><img decoding=\"async\" src=\"https:\/\/wagner-gestionprivee.fr\/wp-content\/uploads\/2020\/03\/apicap.png\" alt=\"client image\" \/><\/li>\n\n\n\n<li class=\"link\"><img decoding=\"async\" src=\"https:\/\/wagner-gestionprivee.fr\/wp-content\/uploads\/2020\/03\/APRIL.jpg\" alt=\"client image\" \/><\/li>\n\n\n\n<li class=\"link\"><img decoding=\"async\" src=\"https:\/\/wagner-gestionprivee.fr\/wp-content\/uploads\/2020\/03\/ASSURANCE-EPARGNE-PENSION.png\" alt=\"client image\" \/><\/li>\n\n\n\n<li class=\"link\"><img decoding=\"async\" src=\"https:\/\/wagner-gestionprivee.fr\/wp-content\/uploads\/2020\/03\/ATREAM.jpg\" alt=\"client image\" \/><\/li>\n\n\n\n<li class=\"link\"><img decoding=\"async\" src=\"https:\/\/wagner-gestionprivee.fr\/wp-content\/uploads\/2020\/03\/AXA-THEMA.jpg\" alt=\"client image\" \/><\/li>\n\n\n\n<li class=\"link\"><img decoding=\"async\" src=\"https:\/\/wagner-gestionprivee.fr\/wp-content\/uploads\/2020\/03\/CORUM.jpg\" alt=\"client image\" \/><\/li>\n\n\n\n<li class=\"link\"><img decoding=\"async\" src=\"https:\/\/wagner-gestionprivee.fr\/wp-content\/uploads\/2020\/03\/EDMOND-de-ROTHSCHILD.jpg\" alt=\"client image\" \/><\/li>\n\n\n\n<li class=\"link\"><img decoding=\"async\" src=\"https:\/\/wagner-gestionprivee.fr\/wp-content\/uploads\/2020\/03\/ERES.jpg\" alt=\"client image\" \/><\/li>\n\n\n\n<li class=\"link\"><img decoding=\"async\" src=\"https:\/\/wagner-gestionprivee.fr\/wp-content\/uploads\/2020\/03\/EURYALE1.jpg\" alt=\"client image\" \/><\/li>\n\n\n\n<li class=\"link\"><img decoding=\"async\" src=\"https:\/\/wagner-gestionprivee.fr\/wp-content\/uploads\/2020\/03\/FONCIA.jpg\" alt=\"client image\" \/><\/li>\n\n\n\n<li class=\"link\"><img decoding=\"async\" src=\"https:\/\/wagner-gestionprivee.fr\/wp-content\/uploads\/2020\/03\/FONCIERE-MAGELLAN.jpg\" alt=\"client image\" \/><\/li>\n\n\n\n<li class=\"link\"><img decoding=\"async\" src=\"https:\/\/wagner-gestionprivee.fr\/wp-content\/uploads\/2020\/03\/GENERALI.png\" alt=\"client image\" \/><\/li>\n\n\n\n<li class=\"link\"><img decoding=\"async\" src=\"https:\/\/wagner-gestionprivee.fr\/wp-content\/uploads\/2020\/03\/INTERGESTION.png\" alt=\"client image\" \/><\/li>\n\n\n\n<li class=\"link\"><img decoding=\"async\" src=\"https:\/\/wagner-gestionprivee.fr\/wp-content\/uploads\/2020\/03\/jpo-logo-1.png\" alt=\"client image\" \/><\/li>\n\n\n\n<li class=\"link\"><img decoding=\"async\" src=\"https:\/\/wagner-gestionprivee.fr\/wp-content\/uploads\/2020\/03\/LA-FRANCAISE.jpg\" alt=\"client image\" \/><\/li>\n\n\n\n<li class=\"link\"><img decoding=\"async\" src=\"https:\/\/wagner-gestionprivee.fr\/wp-content\/uploads\/2020\/03\/MARIGNY.jpg\" alt=\"client image\" \/><\/li>\n\n\n\n<li class=\"link\"><img decoding=\"async\" src=\"https:\/\/wagner-gestionprivee.fr\/wp-content\/uploads\/2020\/03\/METLIFE.jpg\" alt=\"client image\" \/><\/li>\n\n\n\n<li class=\"link\"><img decoding=\"async\" src=\"https:\/\/wagner-gestionprivee.fr\/wp-content\/uploads\/2020\/03\/MNK.jpg\" alt=\"client image\" \/><\/li>\n\n\n\n<li class=\"link\"><img decoding=\"async\" src=\"https:\/\/wagner-gestionprivee.fr\/wp-content\/uploads\/2020\/03\/NATIXIS.jpg\" alt=\"client image\" \/><\/li>\n\n\n\n<li class=\"link\"><img decoding=\"async\" src=\"https:\/\/wagner-gestionprivee.fr\/wp-content\/uploads\/2020\/03\/NEXO.png\" alt=\"client image\" \/><\/li>\n\n\n\n<li class=\"link\"><img decoding=\"async\" src=\"https:\/\/wagner-gestionprivee.fr\/wp-content\/uploads\/2020\/03\/NORTIA.jpg\" alt=\"client image\" \/><\/li>\n\n\n\n<li class=\"link\"><img decoding=\"async\" src=\"https:\/\/wagner-gestionprivee.fr\/wp-content\/uploads\/2020\/03\/ODDO.jpg\" alt=\"client image\" \/><\/li>\n\n\n\n<li class=\"link\"><img decoding=\"async\" src=\"https:\/\/wagner-gestionprivee.fr\/wp-content\/uploads\/2020\/03\/PAREF-GESTION.jpg\" alt=\"client image\" \/><\/li>\n\n\n\n<li class=\"link\"><img decoding=\"async\" src=\"https:\/\/wagner-gestionprivee.fr\/wp-content\/uploads\/2020\/03\/PERIAL.jpg\" alt=\"client image\" \/><\/li>\n\n\n\n<li class=\"link\"><img decoding=\"async\" src=\"https:\/\/wagner-gestionprivee.fr\/wp-content\/uploads\/2020\/03\/PRIMONIAL.jpg\" alt=\"client image\" \/><\/li>\n\n\n\n<li class=\"link\"><img decoding=\"async\" src=\"https:\/\/wagner-gestionprivee.fr\/wp-content\/uploads\/2020\/03\/SOFIDY.jpg\" alt=\"client image\" \/><\/li>\n\n\n\n<li class=\"link\"><img decoding=\"async\" src=\"https:\/\/wagner-gestionprivee.fr\/wp-content\/uploads\/2020\/03\/SOGELIFE.jpg\" alt=\"client image\" \/><\/li>\n\n\n\n<li class=\"link\"><img decoding=\"async\" src=\"https:\/\/wagner-gestionprivee.fr\/wp-content\/uploads\/2020\/03\/SPIRICA.jpg\" alt=\"client image\" \/><\/li>\n\n\n\n<li class=\"link\"><img decoding=\"async\" src=\"https:\/\/wagner-gestionprivee.fr\/wp-content\/uploads\/2020\/03\/SURAVENIR.jpg\" alt=\"client image\" \/><\/li>\n\n\n\n<li class=\"link\"><img decoding=\"async\" src=\"https:\/\/wagner-gestionprivee.fr\/wp-content\/uploads\/2020\/03\/SWISSLIFE.jpg\" alt=\"client image\" \/><\/li>\n\n\n\n<li class=\"link\"><img decoding=\"async\" src=\"https:\/\/wagner-gestionprivee.fr\/wp-content\/uploads\/2020\/03\/UAF-LIFE.jpg\" alt=\"client image\" \/><\/li>\n\n\n\n<li class=\"link\"><img decoding=\"async\" src=\"https:\/\/wagner-gestionprivee.fr\/wp-content\/uploads\/2020\/03\/UTWIN.jpg\" alt=\"client image\" \/><\/li>\n\n\n\n<li class=\"link\"><img decoding=\"async\" src=\"https:\/\/wagner-gestionprivee.fr\/wp-content\/uploads\/2020\/03\/VOISIN.jpeg\" alt=\"client image\" \/><\/li>\n<\/ul>\n\n\n\n<p><\/p>\n<\/div>\n\n\n\n<p><\/p>\n","protected":false},"excerpt":{"rendered":"","protected":false},"author":1,"featured_media":0,"parent":0,"menu_order":0,"comment_status":"closed","ping_status":"open","template":"","meta":{"footnotes":""},"class_list":["post-510","page","type-page","status-publish","hentry"],"yoast_head":"<!-- This site is optimized with the Yoast SEO plugin v27.4 - https:\/\/yoast.com\/product\/yoast-seo-wordpress\/ -->\n<title>Notre approche - Wagner Gestion Priv\u00e9e<\/title>\n<meta name=\"robots\" content=\"index, follow, max-snippet:-1, max-image-preview:large, max-video-preview:-1\" \/>\n<link rel=\"canonical\" href=\"https:\/\/wagner-gestionprivee.fr\/?page_id=510\" \/>\n<meta property=\"og:locale\" content=\"fr_FR\" \/>\n<meta property=\"og:type\" content=\"article\" \/>\n<meta property=\"og:title\" content=\"Notre approche - Wagner Gestion Priv\u00e9e\" \/>\n<meta property=\"og:url\" content=\"https:\/\/wagner-gestionprivee.fr\/?page_id=510\" \/>\n<meta property=\"og:site_name\" content=\"Wagner Gestion Priv\u00e9e\" \/>\n<meta property=\"article:modified_time\" content=\"2020-03-13T16:20:29+00:00\" \/>\n<meta property=\"og:image\" content=\"https:\/\/wagner-gestionprivee.fr\/wp-content\/uploads\/2020\/01\/music-sheet-1326999_1920.jpg\" \/>\n\t<meta property=\"og:image:width\" content=\"1920\" \/>\n\t<meta property=\"og:image:height\" content=\"1280\" \/>\n\t<meta property=\"og:image:type\" content=\"image\/jpeg\" \/>\n<meta name=\"twitter:card\" content=\"summary_large_image\" \/>\n<meta name=\"twitter:label1\" content=\"Dur\u00e9e de lecture estim\u00e9e\" \/>\n\t<meta name=\"twitter:data1\" content=\"4 minutes\" \/>\n<script type=\"application\/ld+json\" class=\"yoast-schema-graph\">{\"@context\":\"https:\\\/\\\/schema.org\",\"@graph\":[{\"@type\":\"WebPage\",\"@id\":\"https:\\\/\\\/wagner-gestionprivee.fr\\\/?page_id=510\",\"url\":\"https:\\\/\\\/wagner-gestionprivee.fr\\\/?page_id=510\",\"name\":\"Notre approche - Wagner Gestion Priv\u00e9e\",\"isPartOf\":{\"@id\":\"https:\\\/\\\/wagner-gestionprivee.fr\\\/#website\"},\"primaryImageOfPage\":{\"@id\":\"https:\\\/\\\/wagner-gestionprivee.fr\\\/?page_id=510#primaryimage\"},\"image\":{\"@id\":\"https:\\\/\\\/wagner-gestionprivee.fr\\\/?page_id=510#primaryimage\"},\"thumbnailUrl\":\"https:\\\/\\\/wagner-gestionprivee.fr\\\/wp-content\\\/uploads\\\/2020\\\/01\\\/music-sheet-1326999_1920-1024x683.jpg\",\"datePublished\":\"2020-01-22T18:46:39+00:00\",\"dateModified\":\"2020-03-13T16:20:29+00:00\",\"breadcrumb\":{\"@id\":\"https:\\\/\\\/wagner-gestionprivee.fr\\\/?page_id=510#breadcrumb\"},\"inLanguage\":\"fr-FR\",\"potentialAction\":[{\"@type\":\"ReadAction\",\"target\":[\"https:\\\/\\\/wagner-gestionprivee.fr\\\/?page_id=510\"]}]},{\"@type\":\"ImageObject\",\"inLanguage\":\"fr-FR\",\"@id\":\"https:\\\/\\\/wagner-gestionprivee.fr\\\/?page_id=510#primaryimage\",\"url\":\"https:\\\/\\\/wagner-gestionprivee.fr\\\/wp-content\\\/uploads\\\/2020\\\/01\\\/music-sheet-1326999_1920.jpg\",\"contentUrl\":\"https:\\\/\\\/wagner-gestionprivee.fr\\\/wp-content\\\/uploads\\\/2020\\\/01\\\/music-sheet-1326999_1920.jpg\",\"width\":1920,\"height\":1280},{\"@type\":\"BreadcrumbList\",\"@id\":\"https:\\\/\\\/wagner-gestionprivee.fr\\\/?page_id=510#breadcrumb\",\"itemListElement\":[{\"@type\":\"ListItem\",\"position\":1,\"name\":\"Home\",\"item\":\"https:\\\/\\\/wagner-gestionprivee.fr\\\/\"},{\"@type\":\"ListItem\",\"position\":2,\"name\":\"Notre approche\"}]},{\"@type\":\"WebSite\",\"@id\":\"https:\\\/\\\/wagner-gestionprivee.fr\\\/#website\",\"url\":\"https:\\\/\\\/wagner-gestionprivee.fr\\\/\",\"name\":\"Wagner Gestion Priv\u00e9e\",\"description\":\"Orchestrateur de patrimoine dans le Grand Est\",\"potentialAction\":[{\"@type\":\"SearchAction\",\"target\":{\"@type\":\"EntryPoint\",\"urlTemplate\":\"https:\\\/\\\/wagner-gestionprivee.fr\\\/?s={search_term_string}\"},\"query-input\":{\"@type\":\"PropertyValueSpecification\",\"valueRequired\":true,\"valueName\":\"search_term_string\"}}],\"inLanguage\":\"fr-FR\"}]}<\/script>\n<!-- \/ Yoast SEO plugin. -->","yoast_head_json":{"title":"Notre approche - Wagner Gestion Priv\u00e9e","robots":{"index":"index","follow":"follow","max-snippet":"max-snippet:-1","max-image-preview":"max-image-preview:large","max-video-preview":"max-video-preview:-1"},"canonical":"https:\/\/wagner-gestionprivee.fr\/?page_id=510","og_locale":"fr_FR","og_type":"article","og_title":"Notre approche - Wagner Gestion Priv\u00e9e","og_url":"https:\/\/wagner-gestionprivee.fr\/?page_id=510","og_site_name":"Wagner Gestion Priv\u00e9e","article_modified_time":"2020-03-13T16:20:29+00:00","og_image":[{"width":1920,"height":1280,"url":"https:\/\/wagner-gestionprivee.fr\/wp-content\/uploads\/2020\/01\/music-sheet-1326999_1920.jpg","type":"image\/jpeg"}],"twitter_card":"summary_large_image","twitter_misc":{"Dur\u00e9e de lecture estim\u00e9e":"4 minutes"},"schema":{"@context":"https:\/\/schema.org","@graph":[{"@type":"WebPage","@id":"https:\/\/wagner-gestionprivee.fr\/?page_id=510","url":"https:\/\/wagner-gestionprivee.fr\/?page_id=510","name":"Notre approche - Wagner Gestion Priv\u00e9e","isPartOf":{"@id":"https:\/\/wagner-gestionprivee.fr\/#website"},"primaryImageOfPage":{"@id":"https:\/\/wagner-gestionprivee.fr\/?page_id=510#primaryimage"},"image":{"@id":"https:\/\/wagner-gestionprivee.fr\/?page_id=510#primaryimage"},"thumbnailUrl":"https:\/\/wagner-gestionprivee.fr\/wp-content\/uploads\/2020\/01\/music-sheet-1326999_1920-1024x683.jpg","datePublished":"2020-01-22T18:46:39+00:00","dateModified":"2020-03-13T16:20:29+00:00","breadcrumb":{"@id":"https:\/\/wagner-gestionprivee.fr\/?page_id=510#breadcrumb"},"inLanguage":"fr-FR","potentialAction":[{"@type":"ReadAction","target":["https:\/\/wagner-gestionprivee.fr\/?page_id=510"]}]},{"@type":"ImageObject","inLanguage":"fr-FR","@id":"https:\/\/wagner-gestionprivee.fr\/?page_id=510#primaryimage","url":"https:\/\/wagner-gestionprivee.fr\/wp-content\/uploads\/2020\/01\/music-sheet-1326999_1920.jpg","contentUrl":"https:\/\/wagner-gestionprivee.fr\/wp-content\/uploads\/2020\/01\/music-sheet-1326999_1920.jpg","width":1920,"height":1280},{"@type":"BreadcrumbList","@id":"https:\/\/wagner-gestionprivee.fr\/?page_id=510#breadcrumb","itemListElement":[{"@type":"ListItem","position":1,"name":"Home","item":"https:\/\/wagner-gestionprivee.fr\/"},{"@type":"ListItem","position":2,"name":"Notre approche"}]},{"@type":"WebSite","@id":"https:\/\/wagner-gestionprivee.fr\/#website","url":"https:\/\/wagner-gestionprivee.fr\/","name":"Wagner Gestion Priv\u00e9e","description":"Orchestrateur de patrimoine dans le Grand Est","potentialAction":[{"@type":"SearchAction","target":{"@type":"EntryPoint","urlTemplate":"https:\/\/wagner-gestionprivee.fr\/?s={search_term_string}"},"query-input":{"@type":"PropertyValueSpecification","valueRequired":true,"valueName":"search_term_string"}}],"inLanguage":"fr-FR"}]}},"_links":{"self":[{"href":"https:\/\/wagner-gestionprivee.fr\/index.php?rest_route=\/wp\/v2\/pages\/510","targetHints":{"allow":["GET"]}}],"collection":[{"href":"https:\/\/wagner-gestionprivee.fr\/index.php?rest_route=\/wp\/v2\/pages"}],"about":[{"href":"https:\/\/wagner-gestionprivee.fr\/index.php?rest_route=\/wp\/v2\/types\/page"}],"author":[{"embeddable":true,"href":"https:\/\/wagner-gestionprivee.fr\/index.php?rest_route=\/wp\/v2\/users\/1"}],"replies":[{"embeddable":true,"href":"https:\/\/wagner-gestionprivee.fr\/index.php?rest_route=%2Fwp%2Fv2%2Fcomments&post=510"}],"version-history":[{"count":6,"href":"https:\/\/wagner-gestionprivee.fr\/index.php?rest_route=\/wp\/v2\/pages\/510\/revisions"}],"predecessor-version":[{"id":1354,"href":"https:\/\/wagner-gestionprivee.fr\/index.php?rest_route=\/wp\/v2\/pages\/510\/revisions\/1354"}],"wp:attachment":[{"href":"https:\/\/wagner-gestionprivee.fr\/index.php?rest_route=%2Fwp%2Fv2%2Fmedia&parent=510"}],"curies":[{"name":"wp","href":"https:\/\/api.w.org\/{rel}","templated":true}]}}